{"id":104,"date":"2026-02-10T15:10:15","date_gmt":"2026-02-10T15:10:15","guid":{"rendered":"https:\/\/hildenbrandseck.de\/?page_id=104"},"modified":"2026-02-23T14:59:38","modified_gmt":"2026-02-23T14:59:38","slug":"buchen","status":"publish","type":"page","link":"https:\/\/hildenbrandseck.de\/en\/buchen\/","title":{"rendered":"Book"},"content":{"rendered":"<div data-elementor-type=\"wp-page\" data-elementor-id=\"104\" class=\"elementor elementor-104\" data-elementor-settings=\"{&quot;element_pack_global_tooltip_width&quot;:{&quot;unit&quot;:&quot;px&quot;,&quot;size&quot;:&quot;&quot;,&quot;sizes&quot;:[]},&quot;element_pack_global_tooltip_width_tablet&quot;:{&quot;unit&quot;:&quot;px&quot;,&quot;size&quot;:&quot;&quot;,&quot;sizes&quot;:[]},&quot;element_pack_global_tooltip_width_mobile&quot;:{&quot;unit&quot;:&quot;px&quot;,&quot;size&quot;:&quot;&quot;,&quot;sizes&quot;:[]},&quot;element_pack_global_tooltip_padding&quot;:{&quot;unit&quot;:&quot;px&quot;,&quot;top&quot;:&quot;&quot;,&quot;right&quot;:&quot;&quot;,&quot;bottom&quot;:&quot;&quot;,&quot;left&quot;:&quot;&quot;,&quot;isLinked&quot;:true},&quot;element_pack_global_tooltip_padding_tablet&quot;:{&quot;unit&quot;:&quot;px&quot;,&quot;top&quot;:&quot;&quot;,&quot;right&quot;:&quot;&quot;,&quot;bottom&quot;:&quot;&quot;,&quot;left&quot;:&quot;&quot;,&quot;isLinked&quot;:true},&quot;element_pack_global_tooltip_padding_mobile&quot;:{&quot;unit&quot;:&quot;px&quot;,&quot;top&quot;:&quot;&quot;,&quot;right&quot;:&quot;&quot;,&quot;bottom&quot;:&quot;&quot;,&quot;left&quot;:&quot;&quot;,&quot;isLinked&quot;:true},&quot;element_pack_global_tooltip_border_radius&quot;:{&quot;unit&quot;:&quot;px&quot;,&quot;top&quot;:&quot;&quot;,&quot;right&quot;:&quot;&quot;,&quot;bottom&quot;:&quot;&quot;,&quot;left&quot;:&quot;&quot;,&quot;isLinked&quot;:true},&quot;element_pack_global_tooltip_border_radius_tablet&quot;:{&quot;unit&quot;:&quot;px&quot;,&quot;top&quot;:&quot;&quot;,&quot;right&quot;:&quot;&quot;,&quot;bottom&quot;:&quot;&quot;,&quot;left&quot;:&quot;&quot;,&quot;isLinked&quot;:true},&quot;element_pack_global_tooltip_border_radius_mobile&quot;:{&quot;unit&quot;:&quot;px&quot;,&quot;top&quot;:&quot;&quot;,&quot;right&quot;:&quot;&quot;,&quot;bottom&quot;:&quot;&quot;,&quot;left&quot;:&quot;&quot;,&quot;isLinked&quot;:true}}\" data-elementor-post-type=\"page\">\n\t\t\t\t\t\t<section class=\"elementor-section elementor-top-section elementor-element elementor-element-1b5c2b7e elementor-section-full_width elementor-reverse-tablet elementor-reverse-mobile elementor-section-height-default elementor-section-height-default\" data-id=\"1b5c2b7e\" data-element_type=\"section\" data-e-type=\"section\">\n\t\t\t\t\t\t<div class=\"elementor-container elementor-column-gap-default\">\n\t\t\t\t\t<div class=\"elementor-column elementor-col-50 elementor-top-column elementor-element elementor-element-58af8eb\" data-id=\"58af8eb\" data-element_type=\"column\" data-e-type=\"column\" data-settings=\"{&quot;background_background&quot;:&quot;classic&quot;}\">\n\t\t\t<div class=\"elementor-widget-wrap elementor-element-populated\">\n\t\t\t\t\t\t<section class=\"elementor-section elementor-inner-section elementor-element elementor-element-79df36e4 thmv-inner-container thmv-inner-right elementor-section-boxed elementor-section-height-default elementor-section-height-default\" data-id=\"79df36e4\" data-element_type=\"section\" data-e-type=\"section\">\n\t\t\t\t\t\t<div class=\"elementor-container elementor-column-gap-no\">\n\t\t\t\t\t<div class=\"elementor-column elementor-col-100 elementor-inner-column elementor-element elementor-element-24144473 thmv-flex-right\" data-id=\"24144473\" data-element_type=\"column\" data-e-type=\"column\">\n\t\t\t<div class=\"elementor-widget-wrap elementor-element-populated\">\n\t\t\t\t\t\t<div class=\"elementor-element elementor-element-02f61fd elementor-widget elementor-widget-heading\" data-id=\"02f61fd\" data-element_type=\"widget\" data-e-type=\"widget\" data-widget_type=\"heading.default\">\n\t\t\t\t\t<h1 class=\"elementor-heading-title elementor-size-default\">What we offer<\/h1>\t\t\t\t<\/div>\n\t\t\t\t<div class=\"elementor-element elementor-element-307f355 elementor-widget elementor-widget-text-editor\" data-id=\"307f355\" data-element_type=\"widget\" data-e-type=\"widget\" data-widget_type=\"text-editor.default\">\n\t\t\t\t\t\t\t\t\tSchl\u00f6\u00dfchen Hildenbrandseck has four exclusive rooms (30 \u2013 38 sqm, high ceilings) with naturally lit bathrooms as well as further spacious domiciles: a reading nook with maps, literature from the region and a coffee bar, the former winepress hall with a fireplace, a piano and a selection of wines (wine fridge), beautiful sauna (Finnish sauna) in the old defense wall with a patio outside, a cozy courtyard and a garden with chairs and sunbeds. GRANDER water. Free parking is available in close proximity.\t\t\t\t\t\t\t\t<\/div>\n\t\t\t\t\t<\/div>\n\t\t<\/div>\n\t\t\t\t\t<\/div>\n\t\t<\/section>\n\t\t\t\t\t<\/div>\n\t\t<\/div>\n\t\t\t\t<div class=\"elementor-column elementor-col-50 elementor-top-column elementor-element elementor-element-4022b007\" data-id=\"4022b007\" data-element_type=\"column\" data-e-type=\"column\" data-settings=\"{&quot;background_background&quot;:&quot;classic&quot;}\">\n\t\t\t<div class=\"elementor-widget-wrap elementor-element-populated\">\n\t\t\t\t\t\t<div class=\"elementor-element elementor-element-4723f430 elementor-widget elementor-widget-spacer\" data-id=\"4723f430\" data-element_type=\"widget\" data-e-type=\"widget\" data-widget_type=\"spacer.default\">\n\t\t\t\t\t\t\t<div class=\"elementor-spacer\">\n\t\t\t<div class=\"elementor-spacer-inner\"><\/div>\n\t\t<\/div>\n\t\t\t\t\t\t<\/div>\n\t\t\t\t\t<\/div>\n\t\t<\/div>\n\t\t\t\t\t<\/div>\n\t\t<\/section>\n\t\t<div class=\"elementor-element elementor-element-5b204001 e-flex e-con-boxed e-con e-parent\" data-id=\"5b204001\" data-element_type=\"container\" data-e-type=\"container\" data-settings=\"{&quot;background_background&quot;:&quot;classic&quot;}\">\n\t\t\t\t\t<div class=\"e-con-inner\">\n\t\t<div class=\"elementor-element elementor-element-3abed4b5 e-con-full e-flex e-con e-child\" data-id=\"3abed4b5\" data-element_type=\"container\" data-e-type=\"container\" data-settings=\"{&quot;background_background&quot;:&quot;classic&quot;}\">\n\t\t\t\t<div class=\"elementor-element elementor-element-2d3a1ee elementor-widget elementor-widget-heading\" data-id=\"2d3a1ee\" data-element_type=\"widget\" data-e-type=\"widget\" data-widget_type=\"heading.default\">\n\t\t\t\t\t<h2 class=\"elementor-heading-title elementor-size-default\">Gift cards<\/h2>\t\t\t\t<\/div>\n\t\t\t\t<div class=\"elementor-element elementor-element-713d570 elementor-widget elementor-widget-text-editor\" data-id=\"713d570\" data-element_type=\"widget\" data-e-type=\"widget\" data-widget_type=\"text-editor.default\">\n\t\t\t\t\t\t\t\t\t<p>Wedding day, birthday, anniversary \u2013 a stay at Schl\u00f6\u00dfchen Hildenbrandseck is a very special present.<\/p>\t\t\t\t\t\t\t\t<\/div>\n\t\t\t\t<div class=\"elementor-element elementor-element-16de0fff elementor-widget elementor-widget-shortcode\" data-id=\"16de0fff\" data-element_type=\"widget\" data-e-type=\"widget\" data-widget_type=\"shortcode.default\">\n\t\t\t\t\t\t\t<div class=\"elementor-shortcode\"><div class=\"_df_book df-lite\" id=\"df_332\"  _slug=\"gutschein\" data-title=\"gutschein\" wpoptions=\"true\" thumb=\"https:\/\/hildenbrandseck.de\/wp-content\/uploads\/2026\/02\/Gutschein-Cover.png\" thumbtype=\"\" ><\/div><script class=\"df-shortcode-script\" nowprocket type=\"application\/javascript\">window.option_df_332 = {\"outline\":[],\"backgroundColor\":\"#ffffff\",\"autoEnableOutline\":\"false\",\"autoEnableThumbnail\":\"false\",\"overwritePDFOutline\":\"false\",\"enableDownload\":\"false\",\"direction\":\"1\",\"pageSize\":\"0\",\"controlsPosition\":\"hide\",\"soundEnable\":\"false\",\"source\":\"https:\\\/\\\/hildenbrandseck.de\\\/wp-content\\\/uploads\\\/2026\\\/02\\\/HBE_Gutschein_DinLang_44_LA01.pdf\",\"wpOptions\":\"true\"}; if(window.DFLIP && window.DFLIP.parseBooks){window.DFLIP.parseBooks();}<\/script><\/div>\n\t\t\t\t\t\t<\/div>\n\t\t\t\t<\/div>\n\t\t\t\t\t<\/div>\n\t\t\t\t<\/div>\n\t\t\t\t<section class=\"elementor-section elementor-top-section elementor-element elementor-element-4688dd2c elementor-section-full_width elementor-section-height-default elementor-section-height-default\" data-id=\"4688dd2c\" data-element_type=\"section\" data-e-type=\"section\">\n\t\t\t\t\t\t<div class=\"elementor-container elementor-column-gap-default\">\n\t\t\t\t\t<div class=\"elementor-column elementor-col-50 elementor-top-column elementor-element elementor-element-1eeb2066\" data-id=\"1eeb2066\" data-element_type=\"column\" data-e-type=\"column\" data-settings=\"{&quot;background_background&quot;:&quot;classic&quot;}\">\n\t\t\t<div class=\"elementor-widget-wrap elementor-element-populated\">\n\t\t\t\t\t\t<section class=\"elementor-section elementor-inner-section elementor-element elementor-element-565b8e95 thmv-inner-container thmv-inner-right elementor-section-boxed elementor-section-height-default elementor-section-height-default\" data-id=\"565b8e95\" data-element_type=\"section\" data-e-type=\"section\">\n\t\t\t\t\t\t<div class=\"elementor-container elementor-column-gap-no\">\n\t\t\t\t\t<div class=\"elementor-column elementor-col-100 elementor-inner-column elementor-element elementor-element-55f10d3e thmv-flex-right\" data-id=\"55f10d3e\" data-element_type=\"column\" data-e-type=\"column\">\n\t\t\t<div class=\"elementor-widget-wrap elementor-element-populated\">\n\t\t\t\t\t\t<div class=\"elementor-element elementor-element-2274995 elementor-widget elementor-widget-heading\" data-id=\"2274995\" data-element_type=\"widget\" data-e-type=\"widget\" data-widget_type=\"heading.default\">\n\t\t\t\t\t<h2 class=\"elementor-heading-title elementor-size-default\">Our Prices<\/h2>\t\t\t\t<\/div>\n\t\t\t\t<div class=\"elementor-element elementor-element-8e03858 elementor-widget elementor-widget-text-editor\" data-id=\"8e03858\" data-element_type=\"widget\" data-e-type=\"widget\" data-widget_type=\"text-editor.default\">\n\t\t\t\t\t\t\t\t\t<p>Room prices per night include a served breakfast with organic produce from the region.<\/p><p>We ask that you stay at least two nights, three nights on \u201clong weekends\u201d. Arrival is not possible on Saturdays.<\/p><p class=\"translation-block\">A crib is available at your request. Smoking is prohibited at Schl\u00f6\u00dfchen Hildenbrandseck. Unfortunately we can not accommodate to pets.<\/p><p>December 23 until end of February, we will be taking a winter break.<\/p>\t\t\t\t\t\t\t\t<\/div>\n\t\t\t\t\t<\/div>\n\t\t<\/div>\n\t\t\t\t\t<\/div>\n\t\t<\/section>\n\t\t\t\t\t<\/div>\n\t\t<\/div>\n\t\t\t\t<div class=\"elementor-column elementor-col-50 elementor-top-column elementor-element elementor-element-358d2d33\" data-id=\"358d2d33\" data-element_type=\"column\" data-e-type=\"column\" data-settings=\"{&quot;background_background&quot;:&quot;classic&quot;}\">\n\t\t\t<div class=\"elementor-widget-wrap elementor-element-populated\">\n\t\t\t\t\t\t<div class=\"elementor-element elementor-element-63f67f5 elementor-widget elementor-widget-html\" data-id=\"63f67f5\" data-element_type=\"widget\" data-e-type=\"widget\" data-widget_type=\"html.default\">\n\t\t\t\t\t<div class=\"table-responsive\">\n  <table style=\"width:100%; font-size:16px !important; font-family:Arial !important;\" class=\"easy-table easy-table-default\">\n    <thead>\n      <tr>\n        <th style=\"width:210px; text-align:left;\"><\/th>\n        <th style=\"width:130px; text-align:right;\">per night<\/th>\n        <th style=\"width:150px; text-align:right;\">per week<\/th>\n      <\/tr>\n    <\/thead>\n    <tbody>\n      <tr>\n        <td style=\"text-align:left;\">Double room<\/td>\n        <td style=\"text-align:right;\">195 \u20ac<\/td>\n        <td style=\"text-align:right;\">1.260 \u20ac<\/td>\n      <\/tr>\n      <tr>\n        <td style=\"text-align:left;\">Used as a single room<\/td>\n        <td style=\"text-align:right;\">155 \u20ac<\/td>\n        <td style=\"text-align:right;\">980 \u20ac<\/td>\n      <\/tr>\n      <tr>\n        <td style=\"text-align:left;\">Extra bed (only room Four)<\/td>\n        <td style=\"text-align:right;\">85 \u20ac<\/td>\n        <td style=\"text-align:right;\">490 \u20ac<\/td>\n      <\/tr>\n      <tr>\n        <td style=\"text-align:left;\">Crib<\/td>\n        <td style=\"text-align:right;\">free of charge<\/td>\n        <td style=\"text-align:right;\"><\/td>\n      <\/tr>\n    <\/tbody>\n  <\/table>\n<\/div>\n\t\t\t\t<\/div>\n\t\t\t\t\t<\/div>\n\t\t<\/div>\n\t\t\t\t\t<\/div>\n\t\t<\/section>\n\t\t\t\t<\/div>","protected":false},"excerpt":{"rendered":"<p>Was wir Ihnen bieten Schl\u00f6\u00dfchen Hildenbrandseck verf\u00fcgt \u00fcber vier exklusive Zimmer (30 \u2013 38 qm, hohe Decken) mit Tageslichtb\u00e4dern sowie weitere gro\u00dfz\u00fcgige Aufenthaltsorte: Leseecke mit Kaffee-Bar und Literatur zur Region, Saal mit Kamin, Klavier und ausgew\u00e4hltem Weinangebot (Weink\u00fchlschrank), traumhaft sch\u00f6ner Saunaraum (finnische Sauna) innerhalb der alten Wehrmauer mit Au\u00dfenbereich, lauschiger Innenhof und G\u00e4rten mit Sitz- [&hellip;]<\/p>\n","protected":false},"author":1,"featured_media":0,"parent":0,"menu_order":0,"comment_status":"closed","ping_status":"closed","template":"","meta":{"_acf_changed":false,"footnotes":""},"class_list":["post-104","page","type-page","status-publish","hentry"],"acf":[],"_links":{"self":[{"href":"https:\/\/hildenbrandseck.de\/en\/wp-json\/wp\/v2\/pages\/104","targetHints":{"allow":["GET"]}}],"collection":[{"href":"https:\/\/hildenbrandseck.de\/en\/wp-json\/wp\/v2\/pages"}],"about":[{"href":"https:\/\/hildenbrandseck.de\/en\/wp-json\/wp\/v2\/types\/page"}],"author":[{"embeddable":true,"href":"https:\/\/hildenbrandseck.de\/en\/wp-json\/wp\/v2\/users\/1"}],"replies":[{"embeddable":true,"href":"https:\/\/hildenbrandseck.de\/en\/wp-json\/wp\/v2\/comments?post=104"}],"version-history":[{"count":22,"href":"https:\/\/hildenbrandseck.de\/en\/wp-json\/wp\/v2\/pages\/104\/revisions"}],"predecessor-version":[{"id":504,"href":"https:\/\/hildenbrandseck.de\/en\/wp-json\/wp\/v2\/pages\/104\/revisions\/504"}],"wp:attachment":[{"href":"https:\/\/hildenbrandseck.de\/en\/wp-json\/wp\/v2\/media?parent=104"}],"curies":[{"name":"wp","href":"https:\/\/api.w.org\/{rel}","templated":true}]}}