{"id":6,"date":"2026-02-10T14:19:37","date_gmt":"2026-02-10T14:19:37","guid":{"rendered":"https:\/\/hildenbrandseck.de\/?page_id=6"},"modified":"2026-02-23T19:39:48","modified_gmt":"2026-02-23T19:39:48","slug":"geniessen","status":"publish","type":"page","link":"https:\/\/hildenbrandseck.de\/en\/geniessen\/","title":{"rendered":"Geniessen"},"content":{"rendered":"\t\t<div data-elementor-type=\"wp-post\" data-elementor-id=\"6\" class=\"elementor elementor-6\" data-elementor-settings=\"{&quot;element_pack_global_tooltip_width&quot;:{&quot;unit&quot;:&quot;px&quot;,&quot;size&quot;:&quot;&quot;,&quot;sizes&quot;:[]},&quot;element_pack_global_tooltip_width_tablet&quot;:{&quot;unit&quot;:&quot;px&quot;,&quot;size&quot;:&quot;&quot;,&quot;sizes&quot;:[]},&quot;element_pack_global_tooltip_width_mobile&quot;:{&quot;unit&quot;:&quot;px&quot;,&quot;size&quot;:&quot;&quot;,&quot;sizes&quot;:[]},&quot;element_pack_global_tooltip_padding&quot;:{&quot;unit&quot;:&quot;px&quot;,&quot;top&quot;:&quot;&quot;,&quot;right&quot;:&quot;&quot;,&quot;bottom&quot;:&quot;&quot;,&quot;left&quot;:&quot;&quot;,&quot;isLinked&quot;:true},&quot;element_pack_global_tooltip_padding_tablet&quot;:{&quot;unit&quot;:&quot;px&quot;,&quot;top&quot;:&quot;&quot;,&quot;right&quot;:&quot;&quot;,&quot;bottom&quot;:&quot;&quot;,&quot;left&quot;:&quot;&quot;,&quot;isLinked&quot;:true},&quot;element_pack_global_tooltip_padding_mobile&quot;:{&quot;unit&quot;:&quot;px&quot;,&quot;top&quot;:&quot;&quot;,&quot;right&quot;:&quot;&quot;,&quot;bottom&quot;:&quot;&quot;,&quot;left&quot;:&quot;&quot;,&quot;isLinked&quot;:true},&quot;element_pack_global_tooltip_border_radius&quot;:{&quot;unit&quot;:&quot;px&quot;,&quot;top&quot;:&quot;&quot;,&quot;right&quot;:&quot;&quot;,&quot;bottom&quot;:&quot;&quot;,&quot;left&quot;:&quot;&quot;,&quot;isLinked&quot;:true},&quot;element_pack_global_tooltip_border_radius_tablet&quot;:{&quot;unit&quot;:&quot;px&quot;,&quot;top&quot;:&quot;&quot;,&quot;right&quot;:&quot;&quot;,&quot;bottom&quot;:&quot;&quot;,&quot;left&quot;:&quot;&quot;,&quot;isLinked&quot;:true},&quot;element_pack_global_tooltip_border_radius_mobile&quot;:{&quot;unit&quot;:&quot;px&quot;,&quot;top&quot;:&quot;&quot;,&quot;right&quot;:&quot;&quot;,&quot;bottom&quot;:&quot;&quot;,&quot;left&quot;:&quot;&quot;,&quot;isLinked&quot;:true}}\" data-elementor-post-type=\"page\">\n\t\t\t\t\t\t<section class=\"elementor-section elementor-top-section elementor-element elementor-element-232d7348 elementor-section-full_width elementor-reverse-tablet elementor-reverse-mobile elementor-section-height-default elementor-section-height-default\" data-id=\"232d7348\" data-element_type=\"section\" data-e-type=\"section\">\n\t\t\t\t\t\t<div class=\"elementor-container elementor-column-gap-default\">\n\t\t\t\t\t<div class=\"elementor-column elementor-col-50 elementor-top-column elementor-element elementor-element-24112dd1\" data-id=\"24112dd1\" data-element_type=\"column\" data-e-type=\"column\" data-settings=\"{&quot;background_background&quot;:&quot;classic&quot;}\">\n\t\t\t<div class=\"elementor-widget-wrap elementor-element-populated\">\n\t\t\t\t\t\t<section class=\"elementor-section elementor-inner-section elementor-element elementor-element-3209e06a elementor-section-boxed elementor-section-height-default elementor-section-height-default\" data-id=\"3209e06a\" data-element_type=\"section\" data-e-type=\"section\">\n\t\t\t\t\t\t<div class=\"elementor-container elementor-column-gap-no\">\n\t\t\t\t\t<div class=\"elementor-column elementor-col-100 elementor-inner-column elementor-element elementor-element-7440dc3b thmv-flex-right\" data-id=\"7440dc3b\" data-element_type=\"column\" data-e-type=\"column\">\n\t\t\t<div class=\"elementor-widget-wrap elementor-element-populated\">\n\t\t\t\t\t\t<div class=\"elementor-element elementor-element-4ad74a0 elementor-widget elementor-widget-heading\" data-id=\"4ad74a0\" data-element_type=\"widget\" data-e-type=\"widget\" data-widget_type=\"heading.default\">\n\t\t\t\t\t<h1 class=\"elementor-heading-title elementor-size-default\">Hideaway f\u00fcr Genie\u00dfer<\/h1>\t\t\t\t<\/div>\n\t\t\t\t<div class=\"elementor-element elementor-element-ccdc446 elementor-widget elementor-widget-text-editor\" data-id=\"ccdc446\" data-element_type=\"widget\" data-e-type=\"widget\" data-widget_type=\"text-editor.default\">\n\t\t\t\t\t\t\t\t\t<p>Ob Sonne oder Regen, hier k\u00f6nnen Sie verweilen:<br \/>Am Kamin, am pl\u00e4tschernden Brunnen in den G\u00e4rten oder im lauschigen Innenhof, in der Sauna oder in der Kaminecke \u2013 die Zeit darf stillstehen.<\/p>\t\t\t\t\t\t\t\t<\/div>\n\t\t\t\t\t<\/div>\n\t\t<\/div>\n\t\t\t\t\t<\/div>\n\t\t<\/section>\n\t\t\t\t\t<\/div>\n\t\t<\/div>\n\t\t\t\t<div class=\"elementor-column elementor-col-50 elementor-top-column elementor-element elementor-element-63ec76fc\" data-id=\"63ec76fc\" data-element_type=\"column\" data-e-type=\"column\" data-settings=\"{&quot;background_background&quot;:&quot;slideshow&quot;,&quot;background_slideshow_gallery&quot;:[{&quot;id&quot;:9,&quot;url&quot;:&quot;https:\\\/\\\/hildenbrandseck.de\\\/wp-content\\\/uploads\\\/2026\\\/02\\\/IMG_8190.jpg&quot;},{&quot;id&quot;:10,&quot;url&quot;:&quot;https:\\\/\\\/hildenbrandseck.de\\\/wp-content\\\/uploads\\\/2026\\\/02\\\/brunnen_hildenbrandseck.jpg&quot;},{&quot;id&quot;:11,&quot;url&quot;:&quot;https:\\\/\\\/hildenbrandseck.de\\\/wp-content\\\/uploads\\\/2026\\\/02\\\/1-hildenbrandseck-kronleuchter-mit-calla.jpg&quot;},{&quot;id&quot;:12,&quot;url&quot;:&quot;https:\\\/\\\/hildenbrandseck.de\\\/wp-content\\\/uploads\\\/2026\\\/02\\\/2-hildenbrandseck-table-dhotes.jpg&quot;},{&quot;id&quot;:13,&quot;url&quot;:&quot;https:\\\/\\\/hildenbrandseck.de\\\/wp-content\\\/uploads\\\/2026\\\/02\\\/3-hildenbrandseck-fruehstueck.jpg&quot;},{&quot;id&quot;:14,&quot;url&quot;:&quot;https:\\\/\\\/hildenbrandseck.de\\\/wp-content\\\/uploads\\\/2026\\\/02\\\/7-hildenbrandseck-kaminecke.jpg&quot;},{&quot;id&quot;:15,&quot;url&quot;:&quot;https:\\\/\\\/hildenbrandseck.de\\\/wp-content\\\/uploads\\\/2026\\\/02\\\/lieblingsplatz.webp&quot;},{&quot;id&quot;:16,&quot;url&quot;:&quot;https:\\\/\\\/hildenbrandseck.de\\\/wp-content\\\/uploads\\\/2026\\\/02\\\/garten-im-schloesschen.webp&quot;},{&quot;id&quot;:17,&quot;url&quot;:&quot;https:\\\/\\\/hildenbrandseck.de\\\/wp-content\\\/uploads\\\/2026\\\/02\\\/katze-auf-der-bank.webp&quot;}],&quot;background_slideshow_loop&quot;:&quot;yes&quot;,&quot;background_slideshow_slide_duration&quot;:5000,&quot;background_slideshow_slide_transition&quot;:&quot;fade&quot;,&quot;background_slideshow_transition_duration&quot;:500}\">\n\t\t\t<div class=\"elementor-widget-wrap elementor-element-populated\">\n\t\t\t\t\t\t<div class=\"elementor-element elementor-element-27c363e elementor-widget elementor-widget-spacer\" data-id=\"27c363e\" data-element_type=\"widget\" data-e-type=\"widget\" data-widget_type=\"spacer.default\">\n\t\t\t\t\t\t\t<div class=\"elementor-spacer\">\n\t\t\t<div class=\"elementor-spacer-inner\"><\/div>\n\t\t<\/div>\n\t\t\t\t\t\t<\/div>\n\t\t\t\t\t<\/div>\n\t\t<\/div>\n\t\t\t\t\t<\/div>\n\t\t<\/section>\n\t\t\t\t<section class=\"elementor-section elementor-top-section elementor-element elementor-element-147ae6ba elementor-section-boxed elementor-section-height-default elementor-section-height-default\" data-id=\"147ae6ba\" data-element_type=\"section\" data-e-type=\"section\">\n\t\t\t\t\t\t<div class=\"elementor-container elementor-column-gap-default\">\n\t\t\t\t\t<div class=\"elementor-column elementor-col-100 elementor-top-column elementor-element elementor-element-79ce8789\" data-id=\"79ce8789\" data-element_type=\"column\" data-e-type=\"column\">\n\t\t\t<div class=\"elementor-widget-wrap elementor-element-populated\">\n\t\t\t\t\t\t<div class=\"elementor-element elementor-element-115162c elementor-widget elementor-widget-heading\" data-id=\"115162c\" data-element_type=\"widget\" data-e-type=\"widget\" data-widget_type=\"heading.default\">\n\t\t\t\t\t<h2 class=\"elementor-heading-title elementor-size-default\">Wellness<\/h2>\t\t\t\t<\/div>\n\t\t\t\t<div class=\"elementor-element elementor-element-76d8c7d elementor-widget elementor-widget-text-editor\" data-id=\"76d8c7d\" data-element_type=\"widget\" data-e-type=\"widget\" data-widget_type=\"text-editor.default\">\n\t\t\t\t\t\t\t\t\tEntspannen Sie in unserem traumhaft sch\u00f6nen Saunaraum (finnische Sauna) innerhalb der alten Wehrmauer mit Au\u00dfenbereich.\t\t\t\t\t\t\t\t<\/div>\n\t\t\t\t\t<\/div>\n\t\t<\/div>\n\t\t\t\t\t<\/div>\n\t\t<\/section>\n\t\t\t\t<section class=\"elementor-section elementor-top-section elementor-element elementor-element-701eb7dc elementor-section-boxed elementor-section-height-default elementor-section-height-default\" data-id=\"701eb7dc\" data-element_type=\"section\" data-e-type=\"section\">\n\t\t\t\t\t\t<div class=\"elementor-container elementor-column-gap-default\">\n\t\t\t\t\t<div class=\"elementor-column elementor-col-100 elementor-top-column elementor-element elementor-element-74c5dbb9\" data-id=\"74c5dbb9\" data-element_type=\"column\" data-e-type=\"column\">\n\t\t\t<div class=\"elementor-widget-wrap elementor-element-populated\">\n\t\t\t\t\t\t<div class=\"elementor-element elementor-element-789357f1 gallery-spacing-custom elementor-widget elementor-widget-image-gallery\" data-id=\"789357f1\" data-element_type=\"widget\" data-e-type=\"widget\" data-widget_type=\"image-gallery.default\">\n\t\t\t\t\t\t\t<div class=\"elementor-image-gallery\">\n\t\t\t<div id='gallery-1' class='gallery galleryid-6 gallery-columns-3 gallery-size-full'><figure class='gallery-item'>\n\t\t\t<div class='gallery-icon landscape'>\n\t\t\t\t<a data-elementor-open-lightbox=\"yes\" data-elementor-lightbox-slideshow=\"789357f1\" data-elementor-lightbox-title=\"Sauna_H_E_20951-1024x683-1.jpg\" data-e-action-hash=\"#elementor-action%3Aaction%3Dlightbox%26settings%3DeyJpZCI6MTgsInVybCI6Imh0dHBzOlwvXC9oaWxkZW5icmFuZHNlY2suZGVcL3dwLWNvbnRlbnRcL3VwbG9hZHNcLzIwMjZcLzAyXC9TYXVuYV9IX0VfMjA5NTEtMTAyNHg2ODMtMS5qcGciLCJzbGlkZXNob3ciOiI3ODkzNTdmMSJ9\" href='https:\/\/hildenbrandseck.de\/wp-content\/uploads\/2026\/02\/Sauna_H_E_20951-1024x683-1.jpg'><img fetchpriority=\"high\" decoding=\"async\" width=\"1024\" height=\"683\" src=\"https:\/\/hildenbrandseck.de\/wp-content\/uploads\/2026\/02\/Sauna_H_E_20951-1024x683-1.jpg\" class=\"attachment-full size-full\" alt=\"\" srcset=\"https:\/\/hildenbrandseck.de\/wp-content\/uploads\/2026\/02\/Sauna_H_E_20951-1024x683-1.jpg 1024w, https:\/\/hildenbrandseck.de\/wp-content\/uploads\/2026\/02\/Sauna_H_E_20951-1024x683-1-300x200.jpg 300w, https:\/\/hildenbrandseck.de\/wp-content\/uploads\/2026\/02\/Sauna_H_E_20951-1024x683-1-768x512.jpg 768w\" sizes=\"(max-width: 1024px) 100vw, 1024px\" \/><\/a>\n\t\t\t<\/div><\/figure><figure class='gallery-item'>\n\t\t\t<div class='gallery-icon landscape'>\n\t\t\t\t<a data-elementor-open-lightbox=\"yes\" data-elementor-lightbox-slideshow=\"789357f1\" data-elementor-lightbox-title=\"Sauna_H_E_20130674-1024x683-1.jpg\" data-e-action-hash=\"#elementor-action%3Aaction%3Dlightbox%26settings%3DeyJpZCI6MTksInVybCI6Imh0dHBzOlwvXC9oaWxkZW5icmFuZHNlY2suZGVcL3dwLWNvbnRlbnRcL3VwbG9hZHNcLzIwMjZcLzAyXC9TYXVuYV9IX0VfMjAxMzA2NzQtMTAyNHg2ODMtMS5qcGciLCJzbGlkZXNob3ciOiI3ODkzNTdmMSJ9\" href='https:\/\/hildenbrandseck.de\/wp-content\/uploads\/2026\/02\/Sauna_H_E_20130674-1024x683-1.jpg'><img decoding=\"async\" width=\"1024\" height=\"683\" src=\"https:\/\/hildenbrandseck.de\/wp-content\/uploads\/2026\/02\/Sauna_H_E_20130674-1024x683-1.jpg\" class=\"attachment-full size-full\" alt=\"\" srcset=\"https:\/\/hildenbrandseck.de\/wp-content\/uploads\/2026\/02\/Sauna_H_E_20130674-1024x683-1.jpg 1024w, https:\/\/hildenbrandseck.de\/wp-content\/uploads\/2026\/02\/Sauna_H_E_20130674-1024x683-1-300x200.jpg 300w, https:\/\/hildenbrandseck.de\/wp-content\/uploads\/2026\/02\/Sauna_H_E_20130674-1024x683-1-768x512.jpg 768w\" sizes=\"(max-width: 1024px) 100vw, 1024px\" \/><\/a>\n\t\t\t<\/div><\/figure><figure class='gallery-item'>\n\t\t\t<div class='gallery-icon landscape'>\n\t\t\t\t<a data-elementor-open-lightbox=\"yes\" data-elementor-lightbox-slideshow=\"789357f1\" data-elementor-lightbox-title=\"Sauna_H_E_20130676-1024x683-1.jpg\" data-e-action-hash=\"#elementor-action%3Aaction%3Dlightbox%26settings%3DeyJpZCI6MjAsInVybCI6Imh0dHBzOlwvXC9oaWxkZW5icmFuZHNlY2suZGVcL3dwLWNvbnRlbnRcL3VwbG9hZHNcLzIwMjZcLzAyXC9TYXVuYV9IX0VfMjAxMzA2NzYtMTAyNHg2ODMtMS5qcGciLCJzbGlkZXNob3ciOiI3ODkzNTdmMSJ9\" href='https:\/\/hildenbrandseck.de\/wp-content\/uploads\/2026\/02\/Sauna_H_E_20130676-1024x683-1.jpg'><img decoding=\"async\" width=\"1024\" height=\"683\" src=\"https:\/\/hildenbrandseck.de\/wp-content\/uploads\/2026\/02\/Sauna_H_E_20130676-1024x683-1.jpg\" class=\"attachment-full size-full\" alt=\"\" srcset=\"https:\/\/hildenbrandseck.de\/wp-content\/uploads\/2026\/02\/Sauna_H_E_20130676-1024x683-1.jpg 1024w, https:\/\/hildenbrandseck.de\/wp-content\/uploads\/2026\/02\/Sauna_H_E_20130676-1024x683-1-300x200.jpg 300w, https:\/\/hildenbrandseck.de\/wp-content\/uploads\/2026\/02\/Sauna_H_E_20130676-1024x683-1-768x512.jpg 768w\" sizes=\"(max-width: 1024px) 100vw, 1024px\" \/><\/a>\n\t\t\t<\/div><\/figure><figure class='gallery-item'>\n\t\t\t<div class='gallery-icon landscape'>\n\t\t\t\t<a data-elementor-open-lightbox=\"yes\" data-elementor-lightbox-slideshow=\"789357f1\" data-elementor-lightbox-title=\"Sauna_H_E_20130682-1024x683-1.jpg\" data-e-action-hash=\"#elementor-action%3Aaction%3Dlightbox%26settings%3DeyJpZCI6MjEsInVybCI6Imh0dHBzOlwvXC9oaWxkZW5icmFuZHNlY2suZGVcL3dwLWNvbnRlbnRcL3VwbG9hZHNcLzIwMjZcLzAyXC9TYXVuYV9IX0VfMjAxMzA2ODItMTAyNHg2ODMtMS5qcGciLCJzbGlkZXNob3ciOiI3ODkzNTdmMSJ9\" href='https:\/\/hildenbrandseck.de\/wp-content\/uploads\/2026\/02\/Sauna_H_E_20130682-1024x683-1.jpg'><img loading=\"lazy\" decoding=\"async\" width=\"1024\" height=\"683\" src=\"https:\/\/hildenbrandseck.de\/wp-content\/uploads\/2026\/02\/Sauna_H_E_20130682-1024x683-1.jpg\" class=\"attachment-full size-full\" alt=\"\" srcset=\"https:\/\/hildenbrandseck.de\/wp-content\/uploads\/2026\/02\/Sauna_H_E_20130682-1024x683-1.jpg 1024w, https:\/\/hildenbrandseck.de\/wp-content\/uploads\/2026\/02\/Sauna_H_E_20130682-1024x683-1-300x200.jpg 300w, https:\/\/hildenbrandseck.de\/wp-content\/uploads\/2026\/02\/Sauna_H_E_20130682-1024x683-1-768x512.jpg 768w\" sizes=\"(max-width: 1024px) 100vw, 1024px\" \/><\/a>\n\t\t\t<\/div><\/figure><figure class='gallery-item'>\n\t\t\t<div class='gallery-icon landscape'>\n\t\t\t\t<a data-elementor-open-lightbox=\"yes\" data-elementor-lightbox-slideshow=\"789357f1\" data-elementor-lightbox-title=\"Sauna_H_E_20130702-1024x683-1.jpg\" data-e-action-hash=\"#elementor-action%3Aaction%3Dlightbox%26settings%3DeyJpZCI6MjIsInVybCI6Imh0dHBzOlwvXC9oaWxkZW5icmFuZHNlY2suZGVcL3dwLWNvbnRlbnRcL3VwbG9hZHNcLzIwMjZcLzAyXC9TYXVuYV9IX0VfMjAxMzA3MDItMTAyNHg2ODMtMS5qcGciLCJzbGlkZXNob3ciOiI3ODkzNTdmMSJ9\" href='https:\/\/hildenbrandseck.de\/wp-content\/uploads\/2026\/02\/Sauna_H_E_20130702-1024x683-1.jpg'><img loading=\"lazy\" decoding=\"async\" width=\"1024\" height=\"683\" src=\"https:\/\/hildenbrandseck.de\/wp-content\/uploads\/2026\/02\/Sauna_H_E_20130702-1024x683-1.jpg\" class=\"attachment-full size-full\" alt=\"\" srcset=\"https:\/\/hildenbrandseck.de\/wp-content\/uploads\/2026\/02\/Sauna_H_E_20130702-1024x683-1.jpg 1024w, https:\/\/hildenbrandseck.de\/wp-content\/uploads\/2026\/02\/Sauna_H_E_20130702-1024x683-1-300x200.jpg 300w, https:\/\/hildenbrandseck.de\/wp-content\/uploads\/2026\/02\/Sauna_H_E_20130702-1024x683-1-768x512.jpg 768w\" sizes=\"(max-width: 1024px) 100vw, 1024px\" \/><\/a>\n\t\t\t<\/div><\/figure><figure class='gallery-item'>\n\t\t\t<div class='gallery-icon landscape'>\n\t\t\t\t<a data-elementor-open-lightbox=\"yes\" data-elementor-lightbox-slideshow=\"789357f1\" data-elementor-lightbox-title=\"Sauna_H_E_20130714.jpg\" data-e-action-hash=\"#elementor-action%3Aaction%3Dlightbox%26settings%3DeyJpZCI6OCwidXJsIjoiaHR0cHM6XC9cL2hpbGRlbmJyYW5kc2Vjay5kZVwvd3AtY29udGVudFwvdXBsb2Fkc1wvMjAyNlwvMDJcL1NhdW5hX0hfRV8yMDEzMDcxNC5qcGciLCJzbGlkZXNob3ciOiI3ODkzNTdmMSJ9\" href='https:\/\/hildenbrandseck.de\/wp-content\/uploads\/2026\/02\/Sauna_H_E_20130714.jpg'><img loading=\"lazy\" decoding=\"async\" width=\"1200\" height=\"801\" src=\"https:\/\/hildenbrandseck.de\/wp-content\/uploads\/2026\/02\/Sauna_H_E_20130714.jpg\" class=\"attachment-full size-full\" alt=\"\" srcset=\"https:\/\/hildenbrandseck.de\/wp-content\/uploads\/2026\/02\/Sauna_H_E_20130714.jpg 1200w, https:\/\/hildenbrandseck.de\/wp-content\/uploads\/2026\/02\/Sauna_H_E_20130714-300x200.jpg 300w, https:\/\/hildenbrandseck.de\/wp-content\/uploads\/2026\/02\/Sauna_H_E_20130714-1024x684.jpg 1024w, https:\/\/hildenbrandseck.de\/wp-content\/uploads\/2026\/02\/Sauna_H_E_20130714-768x513.jpg 768w\" sizes=\"(max-width: 1200px) 100vw, 1200px\" \/><\/a>\n\t\t\t<\/div><\/figure>\n\t\t<\/div>\n\t\t<\/div>\n\t\t\t\t\t\t<\/div>\n\t\t\t\t<div class=\"elementor-element elementor-element-40f01453 elementor-widget elementor-widget-text-editor\" data-id=\"40f01453\" data-element_type=\"widget\" data-e-type=\"widget\" data-widget_type=\"text-editor.default\">\n\t\t\t\t\t\t\t\t\tMassage-Angebot in unseren R\u00e4umen: Bitte wenden Sie sich direkt an <a href=\"http:\/\/www.massage-hoffmann.de\/\" target=\"_blank\" rel=\"noopener\">Mirjam Hoffmann <i class=\"fa-solid fa-up-right-from-square\"><\/i><\/a>.\t\t\t\t\t\t\t\t<\/div>\n\t\t\t\t\t<\/div>\n\t\t<\/div>\n\t\t\t\t\t<\/div>\n\t\t<\/section>\n\t\t\t\t<\/div>\n\t\t","protected":false},"excerpt":{"rendered":"<p>Hideaway f\u00fcr Genie\u00dfer Ob Sonne oder Regen, hier k\u00f6nnen Sie verweilen:Am Kamin, am pl\u00e4tschernden Brunnen in den G\u00e4rten oder im lauschigen Innenhof, in der Sauna oder in der Kaminecke \u2013 die Zeit darf stillstehen. Wellness Entspannen Sie in unserem traumhaft sch\u00f6nen Saunaraum (finnische Sauna) innerhalb der alten Wehrmauer mit Au\u00dfenbereich. Massage-Angebot in unseren R\u00e4umen: Bitte [&hellip;]<\/p>\n","protected":false},"author":1,"featured_media":0,"parent":0,"menu_order":0,"comment_status":"closed","ping_status":"closed","template":"","meta":{"_acf_changed":false,"footnotes":""},"class_list":["post-6","page","type-page","status-publish","hentry"],"acf":[],"_links":{"self":[{"href":"https:\/\/hildenbrandseck.de\/en\/wp-json\/wp\/v2\/pages\/6","targetHints":{"allow":["GET"]}}],"collection":[{"href":"https:\/\/hildenbrandseck.de\/en\/wp-json\/wp\/v2\/pages"}],"about":[{"href":"https:\/\/hildenbrandseck.de\/en\/wp-json\/wp\/v2\/types\/page"}],"author":[{"embeddable":true,"href":"https:\/\/hildenbrandseck.de\/en\/wp-json\/wp\/v2\/users\/1"}],"replies":[{"embeddable":true,"href":"https:\/\/hildenbrandseck.de\/en\/wp-json\/wp\/v2\/comments?post=6"}],"version-history":[{"count":37,"href":"https:\/\/hildenbrandseck.de\/en\/wp-json\/wp\/v2\/pages\/6\/revisions"}],"predecessor-version":[{"id":559,"href":"https:\/\/hildenbrandseck.de\/en\/wp-json\/wp\/v2\/pages\/6\/revisions\/559"}],"wp:attachment":[{"href":"https:\/\/hildenbrandseck.de\/en\/wp-json\/wp\/v2\/media?parent=6"}],"curies":[{"name":"wp","href":"https:\/\/api.w.org\/{rel}","templated":true}]}}